

{"id":1598,"date":"2023-06-22T07:03:02","date_gmt":"2023-06-22T07:03:02","guid":{"rendered":"https:\/\/www.besimgroup.pl\/?page_id=1598"},"modified":"2025-06-27T07:01:25","modified_gmt":"2025-06-27T07:01:25","slug":"career","status":"publish","type":"page","link":"https:\/\/www.besimgroup.pl\/en\/career\/","title":{"rendered":"Career"},"content":{"rendered":"<div id=\"inwestycje\" class=\"fusion-container-anchor\"><div class=\"fusion-fullwidth fullwidth-box fusion-builder-row-1 fusion-flex-container has-pattern-background has-mask-background fusion-parallax-fixed nonhundred-percent-fullwidth non-hundred-percent-height-scrolling lazyload\" style=\"--awb-border-radius-top-left:0px;--awb-border-radius-top-right:0px;--awb-border-radius-bottom-right:0px;--awb-border-radius-bottom-left:0px;--awb-padding-top:0px;--awb-padding-bottom:60px;--awb-padding-bottom-medium:30px;--awb-padding-top-small:50px;--awb-padding-bottom-small:20px;--awb-background-image:linear-gradient(180deg, rgba(255,255,255,0.89) 0%,rgba(255,255,255,0.95) 100%);;--awb-background-size:;--awb-flex-wrap:wrap;background-attachment:fixed;\" data-bg=\"https:\/\/www.besimgroup.pl\/wp-content\/uploads\/2025\/06\/glob.png\" data-bg-gradient=\"linear-gradient(180deg, rgba(255,255,255,0.89) 0%,rgba(255,255,255,0.95) 100%)\" ><div class=\"fusion-builder-row fusion-row fusion-flex-align-items-flex-start fusion-flex-justify-content-center fusion-flex-content-wrap\" style=\"max-width:1248px;margin-left: calc(-4% \/ 2 );margin-right: calc(-4% \/ 2 );\"><div class=\"fusion-layout-column fusion_builder_column fusion-builder-column-0 fusion_builder_column_1_1 1_1 fusion-flex-column fusion-flex-align-self-center\" style=\"--awb-padding-right-medium:0px;--awb-padding-left-medium:0px;--awb-padding-right-small:0px;--awb-padding-left-small:0px;--awb-bg-size:cover;--awb-width-large:100%;--awb-margin-top-large:0px;--awb-spacing-right-large:1.92%;--awb-margin-bottom-large:0px;--awb-spacing-left-large:1.92%;--awb-width-medium:100%;--awb-order-medium:0;--awb-spacing-right-medium:1.92%;--awb-spacing-left-medium:1.92%;--awb-width-small:100%;--awb-order-small:0;--awb-spacing-right-small:1.92%;--awb-spacing-left-small:1.92%;\"><div class=\"fusion-column-wrapper fusion-column-has-shadow fusion-flex-justify-content-center fusion-content-layout-column\"><div class=\"fusion-post-cards fusion-post-cards-1 fusion-grid-archive fusion-grid-columns-2\" style=\"--awb-dots-color:var(--awb-color3);--awb-dots-active-color:var(--awb-color4);--awb-dots-active-size:10px;--awb-column-spacing:20px;--awb-dots-align:center;--awb-columns:2;--awb-active-filter-border-size:3px;--awb-filters-height:36px;--awb-row-spacing:20px;--awb-columns-medium:100%;--awb-columns-small:100%;\"><ul class=\"fusion-grid fusion-grid-2 fusion-flex-align-items-stretch fusion-grid-posts-cards\"><li class=\"fusion-layout-column fusion_builder_column fusion-builder-column-1 fusion-flex-column post-card fusion-grid-column fusion-post-cards-grid-column\" style=\"--awb-padding-top:40px;--awb-padding-right:40px;--awb-padding-bottom:40px;--awb-padding-left:40px;--awb-bg-color:rgba(255,255,255,0.64);--awb-bg-color-hover:rgba(255,255,255,0.64);--awb-bg-blend:overlay;--awb-bg-size:cover;--awb-border-color:rgba(150,148,172,0.7);--awb-border-top:1px;--awb-border-right:1px;--awb-border-bottom:1px;--awb-border-left:1px;--awb-border-style:solid;\" data-scroll-devices=\"small-visibility,medium-visibility,large-visibility\"><div class=\"fusion-column-wrapper fusion-column-has-shadow fusion-flex-justify-content-center fusion-content-layout-column\"><div class=\"fusion-image-element \" style=\"--awb-max-width:30px;--awb-caption-title-font-family:var(--h2_typography-font-family);--awb-caption-title-font-weight:var(--h2_typography-font-weight);--awb-caption-title-font-style:var(--h2_typography-font-style);--awb-caption-title-size:var(--h2_typography-font-size);--awb-caption-title-transform:var(--h2_typography-text-transform);--awb-caption-title-line-height:var(--h2_typography-line-height);--awb-caption-title-letter-spacing:var(--h2_typography-letter-spacing);\"><span class=\" fusion-imageframe imageframe-none imageframe-1 hover-type-none\"><img decoding=\"async\" width=\"50\" height=\"50\" title=\"portfel\" src=\"data:image\/svg+xml,%3Csvg%20xmlns%3D%27http%3A%2F%2Fwww.w3.org%2F2000%2Fsvg%27%20width%3D%2750%27%20height%3D%2750%27%20viewBox%3D%270%200%2050%2050%27%3E%3Crect%20width%3D%2750%27%20height%3D%2750%27%20fill-opacity%3D%220%22%2F%3E%3C%2Fsvg%3E\" data-orig-src=\"https:\/\/www.besimgroup.pl\/wp-content\/uploads\/2023\/06\/portfel.svg\" alt class=\"lazyload img-responsive wp-image-1370\"\/><\/span><\/div><div class=\"fusion-title title fusion-title-1 fusion-sep-none fusion-title-text fusion-title-size-one\" style=\"--awb-font-size:20px;\"><h1 class=\"fusion-title-heading title-heading-left fusion-responsive-typography-calculated\" style=\"margin:0;font-size:1em;--fontSize:20;line-height:var(--awb-typography1-line-height);\">Premium Sales Partner WARSAW<\/h1><\/div><div ><a class=\"fusion-button button-flat fusion-button-default-size button-custom fusion-button-default button-1 fusion-button-default-span fusion-button-default-type\" style=\"--button_accent_color:var(--awb-color7);--button_border_color:var(--awb-color4);--button_accent_hover_color:var(--awb-color1);--button_border_hover_color:var(--awb-color1);--button_border_width-top:1px;--button_border_width-right:1px;--button_border_width-bottom:1px;--button_border_width-left:1px;--button-border-radius-top-left:0;--button-border-radius-top-right:0;--button-border-radius-bottom-right:0;--button-border-radius-bottom-left:0;--button_gradient_top_color:var(--awb-color1);--button_gradient_bottom_color:var(--awb-color1);--button_gradient_top_color_hover:var(--awb-color7);--button_gradient_bottom_color_hover:var(--awb-color7);\" target=\"_self\" href=\"https:\/\/www.besimgroup.pl\/en\/premium-sales-partner-warsaw\/\"><span class=\"fusion-button-text awb-button__text awb-button__text--default\">Get to know the offer<\/span><\/a><\/div><\/div><\/li>\n<\/ul><\/div><\/div><\/div><\/div><\/div><\/div>\n","protected":false},"excerpt":{"rendered":"","protected":false},"author":1,"featured_media":0,"parent":0,"menu_order":0,"comment_status":"closed","ping_status":"closed","template":"100-width.php","meta":{"_acf_changed":false,"footnotes":""},"class_list":["post-1598","page","type-page","status-publish","hentry"],"acf":[],"yoast_head":"<!-- This site is optimized with the Yoast SEO plugin v25.3.1 - https:\/\/yoast.com\/wordpress\/plugins\/seo\/ -->\n<title>Career - besimgroup.pl<\/title>\n<meta name=\"robots\" content=\"index, follow, max-snippet:-1, max-image-preview:large, max-video-preview:-1\" \/>\n<link rel=\"canonical\" href=\"https:\/\/www.besimgroup.pl\/en\/career\/\" \/>\n<meta property=\"og:locale\" content=\"en_US\" \/>\n<meta property=\"og:type\" content=\"article\" \/>\n<meta property=\"og:title\" content=\"Career - besimgroup.pl\" \/>\n<meta property=\"og:url\" content=\"https:\/\/www.besimgroup.pl\/en\/career\/\" \/>\n<meta property=\"og:site_name\" content=\"besimgroup.pl\" \/>\n<meta property=\"article:publisher\" content=\"https:\/\/www.facebook.com\/besimgroup\/\" \/>\n<meta property=\"article:modified_time\" content=\"2025-06-27T07:01:25+00:00\" \/>\n<meta property=\"og:image\" content=\"https:\/\/www.besimgroup.pl\/wp-content\/uploads\/2023\/06\/vesna-tlen-fot-1.jpg\" \/>\n\t<meta property=\"og:image:width\" content=\"1200\" \/>\n\t<meta property=\"og:image:height\" content=\"720\" \/>\n\t<meta property=\"og:image:type\" content=\"image\/jpeg\" \/>\n<meta name=\"twitter:card\" content=\"summary_large_image\" \/>\n<meta name=\"twitter:label1\" content=\"Est. reading time\" \/>\n\t<meta name=\"twitter:data1\" content=\"1 minute\" \/>\n<script type=\"application\/ld+json\" class=\"yoast-schema-graph\">{\"@context\":\"https:\/\/schema.org\",\"@graph\":[{\"@type\":\"WebPage\",\"@id\":\"https:\/\/www.besimgroup.pl\/en\/career\/\",\"url\":\"https:\/\/www.besimgroup.pl\/en\/career\/\",\"name\":\"Career - besimgroup.pl\",\"isPartOf\":{\"@id\":\"https:\/\/www.besimgroup.pl\/#website\"},\"datePublished\":\"2023-06-22T07:03:02+00:00\",\"dateModified\":\"2025-06-27T07:01:25+00:00\",\"breadcrumb\":{\"@id\":\"https:\/\/www.besimgroup.pl\/en\/career\/#breadcrumb\"},\"inLanguage\":\"en-US\",\"potentialAction\":[{\"@type\":\"ReadAction\",\"target\":[\"https:\/\/www.besimgroup.pl\/en\/career\/\"]}]},{\"@type\":\"BreadcrumbList\",\"@id\":\"https:\/\/www.besimgroup.pl\/en\/career\/#breadcrumb\",\"itemListElement\":[{\"@type\":\"ListItem\",\"position\":1,\"name\":\"Home\",\"item\":\"https:\/\/www.besimgroup.pl\/en\/\"},{\"@type\":\"ListItem\",\"position\":2,\"name\":\"Career\"}]},{\"@type\":\"WebSite\",\"@id\":\"https:\/\/www.besimgroup.pl\/#website\",\"url\":\"https:\/\/www.besimgroup.pl\/\",\"name\":\"besimgroup.pl\",\"description\":\"Poszukujemy warto\u015bci i wierzymy w si\u0142\u0119 ludzkich mo\u017cliwo\u015bci oraz efekty synergii.\",\"publisher\":{\"@id\":\"https:\/\/www.besimgroup.pl\/#organization\"},\"alternateName\":\"besim group\",\"potentialAction\":[{\"@type\":\"SearchAction\",\"target\":{\"@type\":\"EntryPoint\",\"urlTemplate\":\"https:\/\/www.besimgroup.pl\/?s={search_term_string}\"},\"query-input\":{\"@type\":\"PropertyValueSpecification\",\"valueRequired\":true,\"valueName\":\"search_term_string\"}}],\"inLanguage\":\"en-US\"},{\"@type\":\"Organization\",\"@id\":\"https:\/\/www.besimgroup.pl\/#organization\",\"name\":\"besim group sp. z o. o.\",\"alternateName\":\"besim group\",\"url\":\"https:\/\/www.besimgroup.pl\/\",\"logo\":{\"@type\":\"ImageObject\",\"inLanguage\":\"en-US\",\"@id\":\"https:\/\/www.besimgroup.pl\/#\/schema\/logo\/image\/\",\"url\":\"https:\/\/www.besimgroup.pl\/wp-content\/uploads\/2023\/06\/270.svg\",\"contentUrl\":\"https:\/\/www.besimgroup.pl\/wp-content\/uploads\/2023\/06\/270.svg\",\"width\":270,\"height\":270,\"caption\":\"besim group sp. z o. o.\"},\"image\":{\"@id\":\"https:\/\/www.besimgroup.pl\/#\/schema\/logo\/image\/\"},\"sameAs\":[\"https:\/\/www.facebook.com\/besimgroup\/\"]}]}<\/script>\n<!-- \/ Yoast SEO plugin. -->","yoast_head_json":{"title":"Career - besimgroup.pl","robots":{"index":"index","follow":"follow","max-snippet":"max-snippet:-1","max-image-preview":"max-image-preview:large","max-video-preview":"max-video-preview:-1"},"canonical":"https:\/\/www.besimgroup.pl\/en\/career\/","og_locale":"en_US","og_type":"article","og_title":"Career - besimgroup.pl","og_url":"https:\/\/www.besimgroup.pl\/en\/career\/","og_site_name":"besimgroup.pl","article_publisher":"https:\/\/www.facebook.com\/besimgroup\/","article_modified_time":"2025-06-27T07:01:25+00:00","og_image":[{"url":"https:\/\/www.besimgroup.pl\/wp-content\/uploads\/2023\/06\/vesna-tlen-fot-1.jpg","width":1200,"height":720,"type":"image\/jpeg"}],"twitter_card":"summary_large_image","twitter_misc":{"Est. reading time":"1 minute"},"schema":{"@context":"https:\/\/schema.org","@graph":[{"@type":"WebPage","@id":"https:\/\/www.besimgroup.pl\/en\/career\/","url":"https:\/\/www.besimgroup.pl\/en\/career\/","name":"Career - besimgroup.pl","isPartOf":{"@id":"https:\/\/www.besimgroup.pl\/#website"},"datePublished":"2023-06-22T07:03:02+00:00","dateModified":"2025-06-27T07:01:25+00:00","breadcrumb":{"@id":"https:\/\/www.besimgroup.pl\/en\/career\/#breadcrumb"},"inLanguage":"en-US","potentialAction":[{"@type":"ReadAction","target":["https:\/\/www.besimgroup.pl\/en\/career\/"]}]},{"@type":"BreadcrumbList","@id":"https:\/\/www.besimgroup.pl\/en\/career\/#breadcrumb","itemListElement":[{"@type":"ListItem","position":1,"name":"Home","item":"https:\/\/www.besimgroup.pl\/en\/"},{"@type":"ListItem","position":2,"name":"Career"}]},{"@type":"WebSite","@id":"https:\/\/www.besimgroup.pl\/#website","url":"https:\/\/www.besimgroup.pl\/","name":"besimgroup.pl","description":"Poszukujemy warto\u015bci i wierzymy w si\u0142\u0119 ludzkich mo\u017cliwo\u015bci oraz efekty synergii.","publisher":{"@id":"https:\/\/www.besimgroup.pl\/#organization"},"alternateName":"besim group","potentialAction":[{"@type":"SearchAction","target":{"@type":"EntryPoint","urlTemplate":"https:\/\/www.besimgroup.pl\/?s={search_term_string}"},"query-input":{"@type":"PropertyValueSpecification","valueRequired":true,"valueName":"search_term_string"}}],"inLanguage":"en-US"},{"@type":"Organization","@id":"https:\/\/www.besimgroup.pl\/#organization","name":"besim group sp. z o. o.","alternateName":"besim group","url":"https:\/\/www.besimgroup.pl\/","logo":{"@type":"ImageObject","inLanguage":"en-US","@id":"https:\/\/www.besimgroup.pl\/#\/schema\/logo\/image\/","url":"https:\/\/www.besimgroup.pl\/wp-content\/uploads\/2023\/06\/270.svg","contentUrl":"https:\/\/www.besimgroup.pl\/wp-content\/uploads\/2023\/06\/270.svg","width":270,"height":270,"caption":"besim group sp. z o. o."},"image":{"@id":"https:\/\/www.besimgroup.pl\/#\/schema\/logo\/image\/"},"sameAs":["https:\/\/www.facebook.com\/besimgroup\/"]}]}},"_links":{"self":[{"href":"https:\/\/www.besimgroup.pl\/en\/wp-json\/wp\/v2\/pages\/1598","targetHints":{"allow":["GET"]}}],"collection":[{"href":"https:\/\/www.besimgroup.pl\/en\/wp-json\/wp\/v2\/pages"}],"about":[{"href":"https:\/\/www.besimgroup.pl\/en\/wp-json\/wp\/v2\/types\/page"}],"author":[{"embeddable":true,"href":"https:\/\/www.besimgroup.pl\/en\/wp-json\/wp\/v2\/users\/1"}],"replies":[{"embeddable":true,"href":"https:\/\/www.besimgroup.pl\/en\/wp-json\/wp\/v2\/comments?post=1598"}],"version-history":[{"count":12,"href":"https:\/\/www.besimgroup.pl\/en\/wp-json\/wp\/v2\/pages\/1598\/revisions"}],"predecessor-version":[{"id":3299,"href":"https:\/\/www.besimgroup.pl\/en\/wp-json\/wp\/v2\/pages\/1598\/revisions\/3299"}],"wp:attachment":[{"href":"https:\/\/www.besimgroup.pl\/en\/wp-json\/wp\/v2\/media?parent=1598"}],"curies":[{"name":"wp","href":"https:\/\/api.w.org\/{rel}","templated":true}]}}